{"id":17734,"date":"2024-12-14T17:06:50","date_gmt":"2024-12-14T17:06:50","guid":{"rendered":"https:\/\/abayamahra.com\/?post_type=product&#038;p=17734"},"modified":"2025-06-19T09:33:16","modified_gmt":"2025-06-19T09:33:16","slug":"robe-racha-suite","status":"publish","type":"product","link":"https:\/\/abayamahra.shop\/?product=robe-racha-suite","title":{"rendered":"Robe Racha (suite)"},"content":{"rendered":"<p>une robe d&#8217;\u00e9t\u00e9 longue en tissu l\u00e9ger r\u00e9alis\u00e9e dans un voile de cr\u00eape, offrant une sensation de fluidit\u00e9 et de l\u00e9g\u00e8ret\u00e9 id\u00e9ale pour la chaleur estivale<\/p>\n","protected":false},"excerpt":{"rendered":"<p>une robe d&#8217;\u00e9t\u00e9 longue en tissu l\u00e9ger r\u00e9alis\u00e9e dans un voile de cr\u00eape, offrant une sensation de fluidit\u00e9 et de<\/p>\n","protected":false},"featured_media":17741,"comment_status":"open","ping_status":"closed","template":"","meta":[],"product_brand":[],"product_cat":[210,209],"product_tag":[],"class_list":{"0":"post-17734","1":"product","2":"type-product","3":"status-publish","4":"has-post-thumbnail","6":"product_cat-robe","7":"product_cat-uncategorised","9":"first","10":"outofstock","11":"shipping-taxable","12":"purchasable","13":"product-type-variable"},"_links":{"self":[{"href":"https:\/\/abayamahra.shop\/index.php?rest_route=\/wp\/v2\/product\/17734","targetHints":{"allow":["GET"]}}],"collection":[{"href":"https:\/\/abayamahra.shop\/index.php?rest_route=\/wp\/v2\/product"}],"about":[{"href":"https:\/\/abayamahra.shop\/index.php?rest_route=\/wp\/v2\/types\/product"}],"replies":[{"embeddable":true,"href":"https:\/\/abayamahra.shop\/index.php?rest_route=%2Fwp%2Fv2%2Fcomments&post=17734"}],"version-history":[{"count":0,"href":"https:\/\/abayamahra.shop\/index.php?rest_route=\/wp\/v2\/product\/17734\/revisions"}],"wp:featuredmedia":[{"embeddable":true,"href":"https:\/\/abayamahra.shop\/index.php?rest_route=\/wp\/v2\/media\/17741"}],"wp:attachment":[{"href":"https:\/\/abayamahra.shop\/index.php?rest_route=%2Fwp%2Fv2%2Fmedia&parent=17734"}],"wp:term":[{"taxonomy":"product_brand","embeddable":true,"href":"https:\/\/abayamahra.shop\/index.php?rest_route=%2Fwp%2Fv2%2Fproduct_brand&post=17734"},{"taxonomy":"product_cat","embeddable":true,"href":"https:\/\/abayamahra.shop\/index.php?rest_route=%2Fwp%2Fv2%2Fproduct_cat&post=17734"},{"taxonomy":"product_tag","embeddable":true,"href":"https:\/\/abayamahra.shop\/index.php?rest_route=%2Fwp%2Fv2%2Fproduct_tag&post=17734"}],"curies":[{"name":"wp","href":"https:\/\/api.w.org\/{rel}","templated":true}]}}